{"id":54,"date":"2019-07-19T18:33:02","date_gmt":"2019-07-19T18:33:02","guid":{"rendered":"http:\/\/olmedoterapie.pl\/?page_id=54"},"modified":"2021-11-26T22:20:00","modified_gmt":"2021-11-26T22:20:00","slug":"o-nas","status":"publish","type":"page","link":"https:\/\/olmedoterapie.pl\/index.php\/o-nas\/","title":{"rendered":"O nas"},"content":{"rendered":"<p>[et_pb_section fb_built=&#8221;1&#8243; next_background_color=&#8221;#ffffff&#8221; _builder_version=&#8221;3.29.1&#8243; use_background_color_gradient=&#8221;on&#8221; background_color_gradient_start=&#8221;rgba(255,227,208,0.7)&#8221; background_color_gradient_end=&#8221;rgba(255,227,208,0.3)&#8221; background_color_gradient_type=&#8221;radial&#8221; background_color_gradient_direction_radial=&#8221;top left&#8221; background_color_gradient_start_position=&#8221;50%&#8221; background_color_gradient_overlays_image=&#8221;on&#8221; background_image=&#8221;https:\/\/olmedoterapie.pl\/wp-content\/uploads\/2019\/09\/family-1023036_1920.jpg&#8221; min_height=&#8221;793px&#8221; custom_margin=&#8221;||||false&#8221; custom_padding=&#8221;27vw||4vw||false|false&#8221; bottom_divider_style=&#8221;curve&#8221; bottom_divider_height=&#8221;2.5vw&#8221; fb_built=&#8221;1&#8243; _i=&#8221;0&#8243; _address=&#8221;0&#8243;][et_pb_row _builder_version=&#8221;3.25&#8243; animation_style=&#8221;fade&#8221; _i=&#8221;0&#8243; _address=&#8221;0.0&#8243;][et_pb_column type=&#8221;4_4&#8243; _builder_version=&#8221;3.25&#8243; custom_padding=&#8221;|||&#8221; custom_padding__hover=&#8221;|||&#8221; _i=&#8221;0&#8243; _address=&#8221;0.0.0&#8243;][et_pb_text _builder_version=&#8221;3.29.1&#8243; text_font=&#8221;||||||||&#8221; text_font_size=&#8221;18px&#8221; text_line_height=&#8221;2em&#8221; header_font=&#8221;Montserrat|300|||||||&#8221; header_font_size=&#8221;50px&#8221; header_line_height=&#8221;1.4em&#8221; text_orientation=&#8221;center&#8221; max_width=&#8221;700px&#8221; module_alignment=&#8221;center&#8221; header_font_size_tablet=&#8221;40px&#8221; header_font_size_phone=&#8221;32px&#8221; header_font_size_last_edited=&#8221;on|desktop&#8221; _i=&#8221;0&#8243; _address=&#8221;0.0.0.0&#8243;]<\/p>\n<h1>O nas\u00a0<\/h1>\n<p>[\/et_pb_text][et_pb_button button_text=&#8221;Um\u00f3w wizyt\u0119&#8221; button_alignment=&#8221;center&#8221; _builder_version=&#8221;3.29.1&#8243; custom_button=&#8221;on&#8221; button_text_size=&#8221;14px&#8221; button_text_color=&#8221;#ffffff&#8221; button_bg_color=&#8221;#7f8dff&#8221; button_border_color=&#8221;rgba(0,0,0,0)&#8221; button_border_radius=&#8221;100px&#8221; button_letter_spacing=&#8221;2px&#8221; button_font=&#8221;Montserrat|||on|||||&#8221; custom_padding=&#8221;16px|30px|16px|30px|true|true&#8221; box_shadow_style=&#8221;preset3&#8243; box_shadow_color=&#8221;rgba(127,141,255,0.4)&#8221; button_letter_spacing_hover=&#8221;2px&#8221; button_text_size__hover_enabled=&#8221;off&#8221; button_one_text_size__hover_enabled=&#8221;off&#8221; button_two_text_size__hover_enabled=&#8221;off&#8221; button_text_color__hover_enabled=&#8221;off&#8221; button_one_text_color__hover_enabled=&#8221;off&#8221; button_two_text_color__hover_enabled=&#8221;off&#8221; button_border_width__hover_enabled=&#8221;off&#8221; button_one_border_width__hover_enabled=&#8221;off&#8221; button_two_border_width__hover_enabled=&#8221;off&#8221; button_border_color__hover_enabled=&#8221;off&#8221; button_one_border_color__hover_enabled=&#8221;off&#8221; button_two_border_color__hover_enabled=&#8221;off&#8221; button_border_radius__hover_enabled=&#8221;off&#8221; button_one_border_radius__hover_enabled=&#8221;off&#8221; button_two_border_radius__hover_enabled=&#8221;off&#8221; button_letter_spacing__hover_enabled=&#8221;on&#8221; button_letter_spacing__hover=&#8221;2px&#8221; button_one_letter_spacing__hover_enabled=&#8221;off&#8221; button_two_letter_spacing__hover_enabled=&#8221;off&#8221; button_bg_color__hover_enabled=&#8221;off&#8221; button_one_bg_color__hover_enabled=&#8221;off&#8221; button_two_bg_color__hover_enabled=&#8221;off&#8221; _i=&#8221;1&#8243; _address=&#8221;0.0.0.1&#8243;][\/et_pb_button][\/et_pb_column][\/et_pb_row][\/et_pb_section][et_pb_section fb_built=&#8221;1&#8243; admin_label=&#8221;About Me&#8221; _builder_version=&#8221;3.22&#8243; fb_built=&#8221;1&#8243; _i=&#8221;1&#8243; _address=&#8221;1&#8243;][et_pb_row column_structure=&#8221;1_4,3_4&#8243; use_custom_gutter=&#8221;on&#8221; padding_top_bottom_link_2=&#8221;true&#8221; padding_left_right_link_2=&#8221;true&#8221; _builder_version=&#8221;3.25&#8243; max_width=&#8221;80%&#8221; custom_margin=&#8221;|0px||&#8221; custom_margin_tablet=&#8221;|10%||10%||true&#8221; custom_margin_last_edited=&#8221;on|tablet&#8221; custom_padding=&#8221;100px|0px|0|0px|false|false&#8221; use_custom_width=&#8221;on&#8221; width_unit=&#8221;off&#8221; _i=&#8221;0&#8243; _address=&#8221;1.0&#8243;][et_pb_column type=&#8221;1_4&#8243; _builder_version=&#8221;3.25&#8243; custom_padding=&#8221;|||&#8221; custom_padding__hover=&#8221;|||&#8221; _i=&#8221;0&#8243; _address=&#8221;1.0.0&#8243;][et_pb_image src=&#8221;https:\/\/olmedoterapie.pl\/wp-content\/uploads\/2019\/07\/Olmedo-Terapie-Logo-2.jpg&#8221; align_tablet=&#8221;center&#8221; align_last_edited=&#8221;on|desktop&#8221; _builder_version=&#8221;3.29.1&#8243; custom_margin=&#8221;-60px|-50%||&#8221; custom_margin_tablet=&#8221;|0%||&#8221; custom_margin_last_edited=&#8221;on|tablet&#8221; animation_style=&#8221;slide&#8221; animation_direction=&#8221;right&#8221; animation_intensity_slide=&#8221;5%&#8221; _i=&#8221;0&#8243; _address=&#8221;1.0.0.0&#8243;][\/et_pb_image][\/et_pb_column][et_pb_column type=&#8221;3_4&#8243; _builder_version=&#8221;3.25&#8243; background_color=&#8221;#f7f9fc&#8221; custom_padding=&#8221;40px|60px|40px|60px&#8221; custom_padding_phone=&#8221;|40px||40px||true&#8221; custom_padding_last_edited=&#8221;on|phone&#8221; custom_padding__hover=&#8221;|||&#8221; _i=&#8221;1&#8243; _address=&#8221;1.0.1&#8243;][et_pb_text _builder_version=&#8221;3.29.1&#8243; text_font=&#8221;||||||||&#8221; text_font_size=&#8221;16px&#8221; text_line_height=&#8221;2em&#8221; header_font=&#8221;||||||||&#8221; header_2_font=&#8221;Montserrat|300|||||||&#8221; header_2_font_size=&#8221;40px&#8221; header_2_line_height=&#8221;1.4em&#8221; header_5_font=&#8221;||||||||&#8221; header_5_text_color=&#8221;#7f8dff&#8221; header_5_line_height=&#8221;2em&#8221; max_width=&#8221;700px&#8221; header_2_font_size_phone=&#8221;30px&#8221; header_2_font_size_last_edited=&#8221;on|phone&#8221; locked=&#8221;off&#8221; _i=&#8221;0&#8243; _address=&#8221;1.0.1.0&#8243;]<\/p>\n<h2>Witamy w Olmedo Terapie<\/h2>\n<h5>Lekarze i Certyfikowani Terapeuci<\/h5>\n<p>Celem naszej dzia\u0142alno\u015bci jest zapewnienie dzieciom pomocy w wyr\u00f3wnaniu szans edukacyjnych, rozwojowych oraz wspieranie w trudnych okresach dojrzewania. Dla os\u00f3b doros\u0142ych stworzyli\u015bmy specjalne treningi prowadz\u0105ce do pozytywnej zmiany. To tylko niewielka cz\u0119\u015b\u0107 funkcjonowania naszego gabinetu.<\/p>\n<p> Gabinet Terapii Olmedo Terapie tworzy zesp\u00f3\u0142 lekarzy i terapeut\u00f3w, kt\u00f3rzy maj\u0105 wysokie umiej\u0119tno\u015bci i do\u015bwiadczenie w swoich specjalno\u015bciach. Pomoc\u0105 obejmujemy zar\u00f3wno dzieci, jak i rodzin\u0119. Nasze podej\u015bcie jest indywidualne, jeste\u015bmy odpowiedzi\u0105 na Pa\u0144stwa oczekiwania. W jednym miejscu otrzymaj\u0105 Pa\u0144stwo w\u0142a\u015bciwe wsparcie. Nasza propozycja wsp\u00f3\u0142pracy skierowana jest r\u00f3wnie\u017c dla os\u00f3b doros\u0142ych, kt\u00f3re do\u015bwiadczy\u0142y\/do\u015bwiadczaj\u0105 przykrych sytuacji zwi\u0105zanych z przemoc\u0105 ka\u017cdego rodzaju.<\/p>\n<p> Gabinet Olmedo Terapie posiada atestowany, wyspecjalizowany sprz\u0119t terapeutyczny, innowacyjne pomoce edukacyjne i naukowe.<\/p>\n<p>[\/et_pb_text][\/et_pb_column][\/et_pb_row][\/et_pb_section][et_pb_section fb_built=&#8221;1&#8243; admin_label=&#8221;My Experience&#8221; _builder_version=&#8221;3.22&#8243; fb_built=&#8221;1&#8243; _i=&#8221;2&#8243; _address=&#8221;2&#8243;][et_pb_row _builder_version=&#8221;3.29.1&#8243; _i=&#8221;0&#8243; _address=&#8221;2.0&#8243;][et_pb_column type=&#8221;4_4&#8243; _builder_version=&#8221;3.25&#8243; custom_padding=&#8221;|||&#8221; custom_padding_tablet=&#8221;0px|||&#8221; custom_padding_last_edited=&#8221;off|desktop&#8221; custom_padding__hover=&#8221;|||&#8221; _i=&#8221;0&#8243; _address=&#8221;2.0.0&#8243;][et_pb_text ul_position=&#8221;inside&#8221; _builder_version=&#8221;3.29.1&#8243; text_font=&#8221;||||||||&#8221; text_font_size=&#8221;16px&#8221; text_line_height=&#8221;2em&#8221; ul_font=&#8221;||||||||&#8221; ul_line_height=&#8221;2em&#8221; ol_font=&#8221;||||||||&#8221; header_font=&#8221;||||||||&#8221; header_2_font=&#8221;||||||||&#8221; header_3_font=&#8221;Montserrat||||||||&#8221; header_3_line_height=&#8221;1.4em&#8221; header_4_font=&#8221;Montserrat||||||||&#8221; header_4_line_height=&#8221;1.8em&#8221; header_5_font=&#8221;||||||||&#8221; header_5_text_color=&#8221;#7f8dff&#8221; header_5_line_height=&#8221;2em&#8221; max_width=&#8221;1212px&#8221; header_2_font_size_phone=&#8221;30px&#8221; header_2_font_size_last_edited=&#8221;off|desktop&#8221; locked=&#8221;off&#8221; _i=&#8221;0&#8243; _address=&#8221;2.0.0.0&#8243;]<\/p>\n<h6 class=\"p1\"><b>POLITYKA PRYWATNO\u015aCI<\/b><\/h6>\n<h6 class=\"p2\">Obowi\u0105zek informacyjny, czyli ochrona Twoich danych na najwy\u017cszym poziomie<\/h6>\n<h6 class=\"p2\">Zgodnie z art. 13 ust. 1 i ust. 2 og\u00f3lnego rozporz\u0105dzenia o ochronie danych osobowych z dnia 27 kwietnia 2016 r. prosimy o zapoznanie si\u0119 z poni\u017cszymi zagadnieniami.<\/h6>\n<h6 class=\"p3\"><b><\/b><\/h6>\n<h6 class=\"p1\"><b>Kto jest administratorem Twoich danych osobowych?<\/b><\/h6>\n<h6 class=\"p2\">Administratorem Danych Osobowych jest Gabinet Terapii Olmedo Terapie Joanna Okoniewska, Plac Kr\u00f3la Zygmunta Starego 17, 05-825 Grodzisk Mazowiecki,<br \/>\nNIP: 645 166 11 03, numer telefonu: 607 153 717, adres email: biuro@olmedoterapie.pl.<\/h6>\n<h6 class=\"p4\"><\/h6>\n<h6 class=\"p1\"><b>W jakich celach i na jakiej podstawie przechowujemy Twoje dane?<\/b><\/h6>\n<h6 class=\"p2\">Twoje dane osobowe Gabinet Terapii Olmedo Terapie przetwarza w nast\u0119puj\u0105cych celach:<\/h6>\n<h6 class=\"p2\">1. zawarcia i wykonania \u0142\u0105cz\u0105cej nas umowy (art. 6 ust. 1 b RODO \u2013 wykonanie umowy);<\/h6>\n<h6 class=\"p2\">2. kontaktu w sprawie \u0142\u0105cz\u0105cej nas umowy (art. 6 ust. 1 b RODO \u2013wykonanie umowy);<\/h6>\n<h6 class=\"p2\">3. prowadzenie zaj\u0119\u0107 terapeutycznych ( 6 ust. 1 c RODO \u2013 wykonanie ci\u0105\u017c\u0105cych na nas obowi\u0105zk\u00f3w);<\/h6>\n<h6 class=\"p2\">4. dokonywania rozlicze\u0144 (art. 6 ust. 1 c RODO \u2013 wykonanie ci\u0105\u017c\u0105cych na nas obowi\u0105zk\u00f3w prawnych);<\/h6>\n<h6 class=\"p2\">5. analiz i bada\u0144 sposobu korzystania przez Ciebie z us\u0142ug \u015bwiadczonych przez Olmedo Terapie (art. 6 ust. 1 f RODO \u2013 nasz prawnie uzasadniony interes);<\/h6>\n<h6 class=\"p2\">6. w celach marketingowych (art. 6 ust. 1 a RODO \u2013 wyra\u017cenie zgody).<\/h6>\n<h6 class=\"p4\"><\/h6>\n<h6 class=\"p1\"><b>Jakie dane zbieramy?<\/b><\/h6>\n<h6 class=\"p2\">Na naszej stronie internetowej zbieramy takie dane jak:<\/h6>\n<h6 class=\"p2\">1. Pliki cookies \u2013 nasz Serwis internetowy wykorzystuje technologi\u0119 Cookies w celu dostosowania jego funkcjonowania do Twoich indywidualnych potrzeb. Mo\u017cesz zgodzi\u0107 si\u0119 na to, aby wpisane przez Ciebie dane zosta\u0142y zapami\u0119tane, dzi\u0119ki czemu b\u0119dziesz m\u00f3g\u0142 bez powt\u00f3rnego wpisywania korzysta\u0107 z nich przy nast\u0119pnych odwiedzinach na stronach internetowych Serwisu. W\u0142a\u015bciciele innych witryn nie b\u0119d\u0105 mieli dost\u0119pu do tych danych. Je\u017celi natomiast nie zgadzasz si\u0119 na personalizowanie Serwisu, proponujemy wy\u0142\u0105czenie obs\u0142ugi Cookies w opcjach przegl\u0105darki internetowej;<\/h6>\n<h6 class=\"p2\">2. Imi\u0119 i Nazwisko \u2013 przy wype\u0142nianiu formularza kontaktowego b\u0119dziesz proszony o podanie swojego imienia, tak aby\u015bmy mieli mo\u017cliwo\u015b\u0107 kontaktu z Tob\u0105;<\/h6>\n<h6 class=\"p2\">3. E-mail \u2013 poprzez adres e-mail kontaktujemy si\u0119 z Tob\u0105 i przesy\u0142amy informacje zwrotne na Twoje zapytania;<\/h6>\n<h6 class=\"p2\">4. Do realizacji us\u0142ug potrzebujemy danych pacjenta: imi\u0119, nazwisko, nr PESEL, adres zamieszkania, numer telefonu, adres email.<\/h6>\n<h6 class=\"p4\"><\/h6>\n<h6 class=\"p1\"><b>Komu przekazujemy Twoje dane?<\/b><\/h6>\n<h6 class=\"p2\">Twoje dane nie b\u0119d\u0105 przekazywane innym podmiotom.<\/h6>\n<h6 class=\"p4\"><\/h6>\n<h6 class=\"p1\"><b>Ile czasu przechowujemy Twoje dane?<\/b><\/h6>\n<h6 class=\"p2\">Twoje dane pozyskane za po\u015brednictwem strony internetowej www.olmedoterapie.pl przechowujemy 6 pe\u0142nych lat, licz\u0105c ko\u0144ca roku kalendarzowego, w kt\u00f3rym nast\u0105pi\u0142 kontakt.<\/h6>\n<h6 class=\"p4\"><\/h6>\n<h6 class=\"p1\"><b>Jakie masz prawa?<\/b><\/h6>\n<h6 class=\"p2\">Twoje prawa to:<\/h6>\n<h6 class=\"p2\">1. prawo dost\u0119pu do tre\u015bci swoich danych;<\/h6>\n<h6 class=\"p2\">2. prawo do sprostowania danych;<\/h6>\n<h6 class=\"p2\">3. prawo do usuni\u0119cia danych;<\/h6>\n<h6 class=\"p2\">4. prawo do ograniczenia przetwarzania danych;<\/h6>\n<h6 class=\"p2\">5. prawo do przenoszenia danych;<\/h6>\n<h6 class=\"p2\">6. prawo wniesienia sprzeciwu;<\/h6>\n<h6 class=\"p2\">7. prawo do cofni\u0119cia zgody w dowolnym momencie bez wp\u0142ywu na zgodno\u015b\u0107 z prawem przetwarzania, kt\u00f3rego dokonano na podstawie zgody przed jej cofni\u0119ciem.<\/h6>\n<h6 class=\"p2\">8. prawo wniesienia skargi do Prezesa Urz\u0119du Ochrony Danych Osobowych w momencie, w kt\u00f3rym uznasz, \u017ce przetwarzanie danych osobowych dotycz\u0105cych Twojej osoby narusza przepisy og\u00f3lnego rozporz\u0105dzenia o ochronie danych osobowych z dnia 27 kwietnia 2016 r.;<\/h6>\n<h6 class=\"p4\"><\/h6>\n<h6 class=\"p1\"><b>Czy musisz podawa\u0107 dane?<\/b><\/h6>\n<h6 class=\"p2\">Podanie powy\u017cszych danych jest dobrowolne, aczkolwiek konieczne w przypadku kiedy ma nast\u0105pi\u0107 rezerwacja wizyty oraz aby\u015bmy si\u0119 mogli z Tob\u0105 skontaktowa\u0107 z informacj\u0105 zwrotn\u0105.<\/h6>\n<h6 class=\"p2\">Jak wycofa\u0107 zgod\u0119 na przetwarzanie danych ?<\/h6>\n<h6 class=\"p2\">Z\u0142o\u017cy\u0107 formularz osobi\u015bcie w gabinecie lub przes\u0142a\u0107 na maila biuro@olmedoterapie.pl.,<\/h6>\n<ul><\/ul>\n<p>[\/et_pb_text][\/et_pb_column][\/et_pb_row][\/et_pb_section][et_pb_section fb_built=&#8221;1&#8243; custom_padding_last_edited=&#8221;on|tablet&#8221; admin_label=&#8221;How it Works&#8221; _builder_version=&#8221;3.22&#8243; background_image=&#8221;https:\/\/olmedoterapie.pl\/wp-content\/uploads\/2019\/07\/therapist-12-1.png&#8221; parallax=&#8221;on&#8221; custom_padding=&#8221;100px|0px|100px|0px|true|false&#8221; custom_padding_tablet=&#8221;40px||40px||true&#8221; fb_built=&#8221;1&#8243; _i=&#8221;3&#8243; _address=&#8221;3&#8243;][et_pb_row _builder_version=&#8221;3.25&#8243; locked=&#8221;off&#8221; _i=&#8221;0&#8243; _address=&#8221;3.0&#8243;][et_pb_column type=&#8221;4_4&#8243; _builder_version=&#8221;3.25&#8243; custom_padding=&#8221;|||&#8221; custom_padding__hover=&#8221;|||&#8221; _i=&#8221;0&#8243; _address=&#8221;3.0.0&#8243;][et_pb_text _builder_version=&#8221;3.27.4&#8243; text_font=&#8221;||||||||&#8221; text_font_size=&#8221;16px&#8221; text_line_height=&#8221;2em&#8221; header_font=&#8221;||||||||&#8221; header_2_font=&#8221;Montserrat|300|||||||&#8221; header_2_font_size=&#8221;40px&#8221; header_2_line_height=&#8221;1.4em&#8221; header_5_font=&#8221;||||||||&#8221; header_5_text_color=&#8221;#7f8dff&#8221; header_5_line_height=&#8221;2em&#8221; text_orientation=&#8221;center&#8221; max_width=&#8221;700px&#8221; module_alignment=&#8221;center&#8221; header_2_font_size_phone=&#8221;30px&#8221; header_2_font_size_last_edited=&#8221;on|phone&#8221; locked=&#8221;off&#8221; _i=&#8221;0&#8243; _address=&#8221;3.0.0.0&#8243;]<\/p>\n<h2>Um\u00f3w wizyt\u0119<\/h2>\n<p>[\/et_pb_text][\/et_pb_column][\/et_pb_row][et_pb_row column_structure=&#8221;1_3,1_3,1_3&#8243; _builder_version=&#8221;3.25&#8243; _i=&#8221;1&#8243; _address=&#8221;3.1&#8243;][et_pb_column type=&#8221;1_3&#8243; _builder_version=&#8221;3.25&#8243; custom_padding=&#8221;|||&#8221; custom_padding__hover=&#8221;|||&#8221; _i=&#8221;0&#8243; _address=&#8221;3.1.0&#8243;][et_pb_blurb title=&#8221;Free 20 Min Chat&#8221; use_icon=&#8221;on&#8221; font_icon=&#8221;%%86%%&#8221; icon_color=&#8221;#7f8dff&#8221; use_icon_font_size=&#8221;on&#8221; icon_font_size=&#8221;64px&#8221; _builder_version=&#8221;3.10&#8243; header_font=&#8221;Montserrat|500|||||||&#8221; body_font=&#8221;||||||||&#8221; body_line_height=&#8221;2em&#8221; text_orientation=&#8221;center&#8221; animation_style=&#8221;fade&#8221; animation=&#8221;off&#8221; _i=&#8221;0&#8243; _address=&#8221;3.1.0.0&#8243;]Vestibulum ac diam sit amet quam vehicula elementum sed sit amet dui.<br \/>\n[\/et_pb_blurb][\/et_pb_column][et_pb_column type=&#8221;1_3&#8243; _builder_version=&#8221;3.25&#8243; custom_padding=&#8221;|||&#8221; custom_padding__hover=&#8221;|||&#8221; _i=&#8221;1&#8243; _address=&#8221;3.1.1&#8243;][et_pb_blurb title=&#8221;Um\u00f3w wizyt\u0119&#8221; url=&#8221;#&#8221; use_icon=&#8221;on&#8221; font_icon=&#8221;%%128%%&#8221; icon_color=&#8221;#7f8dff&#8221; use_icon_font_size=&#8221;on&#8221; icon_font_size=&#8221;64px&#8221; _builder_version=&#8221;3.29.1&#8243; header_font=&#8221;Montserrat|500|||||||&#8221; body_font=&#8221;||||||||&#8221; body_line_height=&#8221;2em&#8221; text_orientation=&#8221;center&#8221; animation_style=&#8221;fade&#8221; animation_delay=&#8221;200ms&#8221; animation=&#8221;off&#8221; hover_enabled=&#8221;0&#8243; locked=&#8221;off&#8221; _i=&#8221;0&#8243; _address=&#8221;3.1.1.0&#8243;]Vestibulum ac diam sit amet quam vehicula elementum sed sit amet dui.<br \/>\n[\/et_pb_blurb][\/et_pb_column][et_pb_column type=&#8221;1_3&#8243; _builder_version=&#8221;3.25&#8243; custom_padding=&#8221;|||&#8221; custom_padding__hover=&#8221;|||&#8221; _i=&#8221;2&#8243; _address=&#8221;3.1.2&#8243;][et_pb_blurb title=&#8221;1st Session!&#8221; use_icon=&#8221;on&#8221; font_icon=&#8221;%%141%%&#8221; icon_color=&#8221;#7f8dff&#8221; use_icon_font_size=&#8221;on&#8221; icon_font_size=&#8221;64px&#8221; _builder_version=&#8221;3.10&#8243; header_font=&#8221;Montserrat|500|||||||&#8221; body_font=&#8221;||||||||&#8221; body_line_height=&#8221;2em&#8221; text_orientation=&#8221;center&#8221; animation_style=&#8221;fade&#8221; animation_delay=&#8221;400ms&#8221; animation=&#8221;off&#8221; locked=&#8221;off&#8221; _i=&#8221;0&#8243; _address=&#8221;3.1.2.0&#8243;]Vestibulum ac diam sit amet quam vehicula elementum sed sit amet dui.<br \/>\n[\/et_pb_blurb][\/et_pb_column][\/et_pb_row][\/et_pb_section]<\/p>\n","protected":false},"excerpt":{"rendered":"<p>[et_pb_section fb_built=&#8221;1&#8243; next_background_color=&#8221;#ffffff&#8221; _builder_version=&#8221;3.29.1&#8243; use_background_color_gradient=&#8221;on&#8221; background_color_gradient_start=&#8221;rgba(255,227,208,0.7)&#8221; background_color_gradient_end=&#8221;rgba(255,227,208,0.3)&#8221; background_color_gradient_type=&#8221;radial&#8221; background_color_gradient_direction_radial=&#8221;top left&#8221; background_color_gradient_start_position=&#8221;50%&#8221; background_color_gradient_overlays_image=&#8221;on&#8221; background_image=&#8221;https:\/\/olmedoterapie.pl\/wp-content\/uploads\/2019\/09\/family-1023036_1920.jpg&#8221; min_height=&#8221;793px&#8221; custom_margin=&#8221;||||false&#8221; custom_padding=&#8221;27vw||4vw||false|false&#8221; bottom_divider_style=&#8221;curve&#8221; bottom_divider_height=&#8221;2.5vw&#8221; fb_built=&#8221;1&#8243; _i=&#8221;0&#8243; _address=&#8221;0&#8243;][et_pb_row _builder_version=&#8221;3.25&#8243; animation_style=&#8221;fade&#8221; _i=&#8221;0&#8243; _address=&#8221;0.0&#8243;][et_pb_column type=&#8221;4_4&#8243; _builder_version=&#8221;3.25&#8243; custom_padding=&#8221;|||&#8221; custom_padding__hover=&#8221;|||&#8221; _i=&#8221;0&#8243; _address=&#8221;0.0.0&#8243;][et_pb_text _builder_version=&#8221;3.29.1&#8243; text_font=&#8221;||||||||&#8221; text_font_size=&#8221;18px&#8221; text_line_height=&#8221;2em&#8221; header_font=&#8221;Montserrat|300|||||||&#8221; header_font_size=&#8221;50px&#8221; header_line_height=&#8221;1.4em&#8221; text_orientation=&#8221;center&#8221; max_width=&#8221;700px&#8221; module_alignment=&#8221;center&#8221; header_font_size_tablet=&#8221;40px&#8221; header_font_size_phone=&#8221;32px&#8221; header_font_size_last_edited=&#8221;on|desktop&#8221; _i=&#8221;0&#8243; _address=&#8221;0.0.0.0&#8243;] O nas\u00a0 [\/et_pb_text][et_pb_button button_text=&#8221;Um\u00f3w wizyt\u0119&#8221; button_alignment=&#8221;center&#8221; _builder_version=&#8221;3.29.1&#8243; custom_button=&#8221;on&#8221; button_text_size=&#8221;14px&#8221; [&hellip;]<\/p>\n","protected":false},"author":3,"featured_media":0,"parent":0,"menu_order":0,"comment_status":"closed","ping_status":"closed","template":"","meta":{"_et_pb_use_builder":"on","_et_pb_old_content":"","footnotes":""},"class_list":["post-54","page","type-page","status-publish","hentry"],"_links":{"self":[{"href":"https:\/\/olmedoterapie.pl\/index.php\/wp-json\/wp\/v2\/pages\/54"}],"collection":[{"href":"https:\/\/olmedoterapie.pl\/index.php\/wp-json\/wp\/v2\/pages"}],"about":[{"href":"https:\/\/olmedoterapie.pl\/index.php\/wp-json\/wp\/v2\/types\/page"}],"author":[{"embeddable":true,"href":"https:\/\/olmedoterapie.pl\/index.php\/wp-json\/wp\/v2\/users\/3"}],"replies":[{"embeddable":true,"href":"https:\/\/olmedoterapie.pl\/index.php\/wp-json\/wp\/v2\/comments?post=54"}],"version-history":[{"count":9,"href":"https:\/\/olmedoterapie.pl\/index.php\/wp-json\/wp\/v2\/pages\/54\/revisions"}],"predecessor-version":[{"id":274,"href":"https:\/\/olmedoterapie.pl\/index.php\/wp-json\/wp\/v2\/pages\/54\/revisions\/274"}],"wp:attachment":[{"href":"https:\/\/olmedoterapie.pl\/index.php\/wp-json\/wp\/v2\/media?parent=54"}],"curies":[{"name":"wp","href":"https:\/\/api.w.org\/{rel}","templated":true}]}}